  {"id":992,"date":"2020-06-18T11:40:54","date_gmt":"2020-06-18T09:40:54","guid":{"rendered":"https:\/\/www.mastphotogrant.com\/privacy-policy\/"},"modified":"2020-07-28T12:54:54","modified_gmt":"2020-07-28T10:54:54","slug":"privacy-policy","status":"publish","type":"page","link":"https:\/\/www.mastphotogrant.com\/it\/privacy-policy\/","title":{"rendered":"Privacy Policy"},"content":{"rendered":"\n<p>Questa informativa \u00e8 redatta e personalizzata per i visitatori del sito web <a href=\"http:\/\/www.mast.org\">www.mast.org<\/a> e www.mastphotogrant.com. Il presente documento annulla e sostituisce integralmente il documento che era stato pubblicato in precedenza in tema di cookie.&nbsp;<\/p>\n\n\n\n<p><strong><strong><strong>INFORMATIVA SITO WEB AI SENSI DELL\u2019ART 13 E 14 DEL REGOLAMENTO EUROPEO 2016\/679 (GDPR)<\/strong><\/strong><\/strong><\/p>\n\n\n\n<p>Specifiche informative di sintesi sono progressivamente riportate o visualizzate nelle pagine del sito predisposte per particolari servizi a richiesta che prevedono form per la raccolta dei dati. La informiamo inoltre che, per fornire un servizio completo, il nostro sito pu\u00f2 contenere link ad altri siti web, non gestiti da FONDAZIONE MAST. FONDAZIONE MAST non \u00e8 responsabile di errori, contenuti, cookies, pubblicazioni di contenuto morale illecito, pubblicit\u00e0, banner o files non conformi alle disposizioni normative vigenti e del rispetto della normativa Privacy da parte di siti non gestiti dal Titolare.<\/p>\n\n\n\n<p>FONDAZIONE MAST, in qualit\u00e0 di Titolare del trattamento dei suoi dati personali ai sensi e per gli effetti degli art. 13 e 14 del Regolamento Europeo 2016\/679, con la presente La informa che la citata normativa prevede la tutela dei soggetti \u00a0interessati rispetto al trattamento dei dati personali e che tale trattamento sar\u00e0 improntato ai principi di correttezza, liceit\u00e0 e trasparenza e di tutela della Sua riservatezza e dei Suoi diritti. Le informazioni ed i dati personali da Lei forniti od altrimenti acquisti nell\u2019ambito dell\u2019utilizzo del sito saranno trattati in accordo alle disposizioni legislative della normativa sopra richiamata e degli obblighi di riservatezza ivi previsti.<\/p>\n\n\n\n<h4 class=\"wp-block-heading\"><strong><strong><strong><strong>SOGGETTI INTERESSATI E TEMPO DI CONSERVAZIONE<\/strong><\/strong><\/strong><\/strong><\/h4>\n\n\n\n<p><strong><strong>A) utenti (navigatori) del sito web <\/strong><a href=\"http:\/\/www.mast.org\">www.mast.org<\/a> e <a href=\"http:\/\/www.mastphotogrant.com\">www.mastphotogrant.com<\/a><\/strong><\/p>\n\n\n\n<p><strong><strong>Tipologia di dati trattati<\/strong><\/strong><\/p>\n\n\n\n<ul class=\"wp-block-list\"><li>Dati di Navigazione<em>: gli indirizzi IP o i nomi a dominio dei computer e di altri dispositivi utilizzati dagli utenti che si connettono al sito; gli indirizzi in notazione URI (Uniform Resource Identifier) delle risorse richieste ed eventuali indicazioni temporali delle stesse; parametri relativi al sistema operativo e all&#8217;ambiente informatico dell&#8217;utente; pagine di partenza e di arrivo; indice di Navigazione e comportamenti identificativi durante la visualizzazione delle pagine del sito<\/em><\/li><li>Dati personali forniti volontariamente dall&#8217;utente<em>: l&#8217;invio facoltativo, esplicito e volontario di posta elettronica agli indirizzi indicati su questo sito e la compilazione di form presenti sul medesimo comporta la successiva acquisizione dei dati personali del mittente (a mero titolo esemplificativo nome, cognome, indirizzo mail). Specifiche informative di sintesi sono presenti nelle pagine che prevedono i form.<\/em><\/li><\/ul>\n\n\n\n<p>Finalit\u00e0 del trattamento<em>: i Suoi dati raccolti durante la navigazione verranno trattati per le seguenti finalit\u00e0:<\/em><\/p>\n\n\n\n<ol class=\"wp-block-list\"><li>svolgimento di operazioni strettamente connesse e strumentali alla gestione dei rapporti con gli utenti o dei visitatori del sito;<\/li><li><em><em>raccolta, conservazione ed elaborazione dei suoi dati per analisi statistiche anche in forma anonima e\/o aggregata; analisi statistiche volte alla verifica della qualit\u00e0 dei servizi offerti dal sito;<\/em>\u00a0<\/em><\/li><li><em><em>condividere con i soggetti terzi le interazioni effettuate e dei Dati di Utilizzo relativi alle pagine in cui sono installati i cookie che integrano prodotti o funzioni software.<\/em><\/em><\/li><\/ol>\n\n\n\n<p>Il trattamento dei dati per l\u2019espletamento della finalit\u00e0 di cui al punto 1 e 2 \u00e8 necessaria per adempiere ad una sua richiesta e l\u2019eventuale rifiuto potrebbe limitare e\/o impedire l\u2019utilizzo in pieno delle funzionalit\u00e0 e dei servizi presenti sul sito. La base giuridica per il trattamento dei Suoi dati per le finalit\u00e0 di cui ai punti 1, 2 \u00e8 l\u2019adempimento di una sua richiesta, ai sensi dell\u2019articolo 6.1.b.) del GDPR; l\u2019eventuale Suo rifiuto di conferire tali dati implicherebbe l\u2019impossibilit\u00e0 di consultare il Sito. Il conferimento dei dati indicati nella finalit\u00e0 3 \u00e8 facoltativo sulla base giuridica del consenso, ed un suo eventuale rifiuto al trattamento non compromette le funzionalit\u00e0 e i servizi presenti sul sito. La base giuridica per il trattamento dei Suoi dati per la finalit\u00e0 di cui al punto 3 \u00e8 facoltativo, ai sensi dell\u2019articolo 6.1.a). Il consenso viene prestato tramite l\u2019informativa breve cliccando sulla parola \u201cACCETTA I COOKIE\u201d presente nell&#8217;informativa breve. Relativamente al conferimento facoltativo vengono rese maggiori informazioni relative ai cookie presenti sul sito nel documento cookie policy accessibile anche dall&#8217;informativa breve.<\/p>\n\n\n\n<p>I dati di navigazione sono conservati per i tempi indicati nella cookie policy disponibile sul sito.<\/p>\n\n\n\n<h4 class=\"wp-block-heading\"><strong><strong>COOKIE ED ALTRI SISTEMI DI TRACCIAMENTO<\/strong><\/strong><\/h4>\n\n\n\n<p>I suoi dati sono raccolti anche mediante strumenti e servizi erogati da terze parti e conservati dagli stessi. Per maggiori informazioni si rimanda alla cookie policy.<\/p>\n\n\n\n<p>Si avvisa che FONDAZIONE MAST\u00a0 funge meramente da intermediario per i link riportati nella cookie policy e non pu\u00f2 assumersi nessuna responsabilit\u00e0 in caso di eventuale modifica<\/p>\n\n\n\n<p><strong><strong>MODALITA\u2019 DEL TRATTAMENTO DEI DATI PERSONALI<\/strong><\/strong><\/p>\n\n\n\n<p>I suoi dati personali saranno trattati con modalit\u00e0 elettroniche e\/o telematiche, mediante l\u2019utilizzo di cookie (come indicato nella cookie policy disponibile sul sito) e a mezzo di calcolatori elettronici con utilizzo di software di terze parti nel rispetto delle modalit\u00e0 di cui agli artt. 6, 32 del GDPR e mediante l&#8217;adozione delle adeguate misure di sicurezza previste.<\/p>\n\n\n\n<p><strong><strong>UTILIZZO PIATTAFORME SOCIAL<\/strong><\/strong><\/p>\n\n\n\n<p>FONDAZIONE MAST pu\u00f2 anche fornire collegamenti (link) ad altre piattaforme di social media che conducono a server installati da individui o organizzazioni su cui non ha alcun controllo. FONDAZIONE MAST non fornisce alcuna rappresentazione, n\u00e9 assume alcuna responsabilit\u00e0 riguardo l\u2019accuratezza o qualunque altro aspetto delle informazioni disponibili presso tali siti. Il collegamento (link) ad un sito di un terzo non pu\u00f2 essere inteso come una validazione, n\u00e9 da parte di FONDAZIONE MAST n\u00e9 di tale terzo, dei prodotti e servizi di altri o tale terzo. FONDAZIONE MAST non rilascia dichiarazioni o garanzie riguardo l\u2019uso o l\u2019archiviazione dei dati dell\u2019utente presso i siti di terzi. Si invitano i signori utenti ad esaminare attentamente la policy sulla privacy che regola i siti di terzi collegati al nostro sito web per avere una visione completa del possibile utilizzo dei Vostri dati personali<\/p>\n\n\n\n<h4 class=\"wp-block-heading\"><strong><strong><strong>DESTINATARI DEI DATI PERSONALI E DIFFUSIONE DEI DATI<\/strong><\/strong><\/strong><\/h4>\n\n\n\n<p>I suoi dati saranno trattati da personale opportunamente incaricato e saranno comunicati all&#8217;esterno a societ\u00e0 che agiscono in qualit\u00e0 di autonomo Titolare o Responsabile del trattamento:<\/p>\n\n\n\n<ul class=\"wp-block-list\"><li>soggetti esterni che forniscono servizi in cloud;<\/li><li>fornitori di servizi di assistenza tecnica;<\/li><\/ul>\n\n\n\n<p>L\u2019elenco completo pu\u00f2 essere richiesto scrivendo ai recapiti del Titolare.        I suoi dati non saranno oggetto di diffusione.<\/p>\n\n\n\n<p><strong><strong>TRASFERIMENTO DEI DATI PERSONALI<\/strong><\/strong><\/p>\n\n\n\n<p>I suoi dati possono essere trasferiti verso paesi non appartenenti all\u2019Unione Europea: tale trasferimento \u00e8 in ogni caso legittimo in quanto garantito dalla sussistenza di decisioni di adeguatezza emesse dalla Commissione Europea e\/o di clausole tipo di protezione sulla base dei modelli adottati dalla Commissione Europea ai sensi dell\u2019art. 46 del GDPR.<\/p>\n\n\n\n<p>Lei potr\u00e0 richiedere al Titolare la copia delle misure di salvaguardia adottate per il trasferimento extra UE dei Suoi dati personali, nonch\u00e9 l\u2019informazione sui luoghi ove le stesse sono state rese disponibili, formulando una specifica richiesta al Titolare tramite l\u2019indirizzo e-mail <a href=\"mailto:amministrazionemast@mast.org\">amministrazionemast@mast.org<\/a>.<\/p>\n\n\n\n<p><strong>TITOLARE DEL TRATTAMENTO<\/strong><\/p>\n\n\n\n<p>Il Titolare del trattamento \u00e8 FONDAZIONE MAST, con sede legale in (Via Speranza 40\/42 \u2013 40133 Bologna (Bo) e-mail <a href=\"mailto:amministrazionemast@mast.org\">amministrazionemast@mast.org<\/a>. &nbsp;nella persona del legale rappresentante pro-tempore.<\/p>\n\n\n\n<p>Lei ha diritto di ottenere dal Titolare la cancellazione (diritto all&#8217;oblio), la limitazione, l&#8217;aggiornamento, la rettificazione, la portabilit\u00e0, l&#8217;opposizione al trattamento dei dati personali che La riguardano, nonch\u00e9 in generale pu\u00f2 esercitare tutti i diritti previsti dagli artt. 15 e seguenti del Regolamento Europeo 2016\/679 scrivendo a amministrazionemast@mast.org L\u2019interessato ha il diritto di proporre reclamo all&#8217;Autorit\u00e0 di controllo.\u00a0 \u00a0<\/p>\n\n\n\n<p><strong><strong>APPLICAZIONE DELLA PRESENTE INFORMATIVA<\/strong><\/strong><\/p>\n\n\n\n<p>Se avete dubbi riguardo la presente Informativa, contattate innanzitutto FONDAZIONE MAST inviando una\u00a0e-mail all\u2019indirizzo amministrazionemast@mast.org oppure contattando il Titolare ai recapiti aziendali forniti nel presente documento.<\/p>\n\n\n\n<p><strong><strong>MODIFICHE ALLA PRESENTE INFORMATIVA<\/strong><\/strong><\/p>\n\n\n\n<p>FONDAZIONE MAST si riserva il diritto di aggiornare la presente informativa per adeguarla al diritto sopravveniente, nonch\u00e9 tenendo in debita considerazione i suggerimenti trasmessi da dipendenti, clienti, collaboratori e utenti. In caso di modifiche da parte di FONDAZIONE MAST, verr\u00e0 tempestivamente aggiornata l\u2019Informativa Privacy presente sulla pagina principale di privacy e sulla Homepage del sito web www.mast.org<\/p>\n\n\n\n<p><strong><strong>DIRITTI DEGLI INTERESSATI<\/strong><\/strong><\/p>\n\n\n\n<p>Reg.to UE 2016\/679: Artt. 15, 16, 17, 18, 19, 20, 21, 22 &#8211; Diritti dell&#8217;Interessato<\/p>\n\n\n\n<p>1. L&#8217;interessato ha diritto di ottenere la conferma dell&#8217;esistenza o meno di dati personali che lo riguardano, anche se non ancora registrati, e la loro comunicazione in forma intelligibile e la possibilit\u00e0 di effettuare reclamo presso l\u2019Autorit\u00e0 di controllo.<\/p>\n\n\n\n<p>2. L&#8217;interessato ha diritto di ottenere l&#8217;indicazione:<\/p>\n\n\n\n<div class=\"wp-block-group\"><div class=\"wp-block-group__inner-container is-layout-flow wp-block-group-is-layout-flow\">\n<div class=\"wp-block-group\"><div class=\"wp-block-group__inner-container is-layout-flow wp-block-group-is-layout-flow\">\n<div class=\"wp-block-group\"><div class=\"wp-block-group__inner-container is-layout-flow wp-block-group-is-layout-flow\">\n<p>a) dell&#8217;origine dei dati personali;                                                                                b) delle finalit\u00e0 e modalit\u00e0 del trattamento;                                                          c) della logica applicata in caso di trattamento effettuato con l&#8217;ausilio di strumenti elettronici;                                                                                                   d) degli estremi identificativi del titolare, dei responsabili e del rappresentante designato ai sensi dell&#8217;articolo 5, comma 2;                                e) dei soggetti o delle categorie di soggetti ai quali i dati personali possono essere comunicati o che possono venirne a conoscenza in qualit\u00e0 di rappresentante designato nel territorio dello Stato, di responsabili o personale autorizzato al trattamento dei dati personali.<\/p>\n<\/div><\/div>\n<\/div><\/div>\n<\/div><\/div>\n\n\n\n<p>3. L&#8217;interessato ha diritto di ottenere:<\/p>\n\n\n\n<p>a) l&#8217;aggiornamento, la rettificazione ovvero, quando vi ha interesse, l&#8217;integrazione dei dati;                                                                                               b) la cancellazione, la trasformazione in forma anonima o il blocco dei dati trattati in violazione di legge, compresi quelli di cui non \u00e8 necessaria la conservazione in relazione agli scopi per i quali i dati sono stati raccolti o successivamente trattati;                                                                                            c) l&#8217;attestazione che le operazioni di cui alle lettere a) e b) sono state portate a conoscenza, anche per quanto riguarda il loro contenuto, di coloro ai quali i dati sono stati comunicati o diffusi, eccettuato il caso in cui tale adempimento si rivela impossibile o comporta un impiego di mezzi manifestamente sproporzionato rispetto al diritto tutelato;                              d) la portabilit\u00e0 dei dati.<\/p>\n\n\n\n<p>4. &nbsp;L&#8217;interessato ha diritto di opporsi, in tutto o in parte:<\/p>\n\n\n\n<div class=\"wp-block-group\"><div class=\"wp-block-group__inner-container is-layout-flow wp-block-group-is-layout-flow\">\n<p>a) per motivi legittimi al trattamento dei dati personali che lo riguardano, ancorch\u00e9 pertinenti allo scopo della raccolta;                                                        b) al trattamento di dati personali che lo riguardano a fini di invio di materiale pubblicitario o di vendita diretta o per il compimento di ricerche di mercato o di comunicazione commerciale.<\/p>\n<\/div><\/div>\n\n\n\n<p><\/p>\n","protected":false},"excerpt":{"rendered":"<p>Questa informativa \u00e8 redatta e personalizzata per i visitatori del sito web www.mast.org e www.mastphotogrant.com. Il presente documento annulla e sostituisce integralmente il documento che era stato pubblicato in precedenza in tema di cookie.&nbsp; INFORMATIVA SITO WEB AI SENSI DELL\u2019ART 13 E 14 DEL REGOLAMENTO EUROPEO 2016\/679 (GDPR) Specifiche informative di sintesi sono progressivamente riportate [&hellip;]<\/p>\n","protected":false},"author":1,"featured_media":0,"parent":0,"menu_order":142,"comment_status":"closed","ping_status":"closed","template":"","meta":{"_acf_changed":false,"footnotes":""},"class_list":["post-992","page","type-page","status-publish","hentry"],"acf":[],"_links":{"self":[{"href":"https:\/\/www.mastphotogrant.com\/it\/wp-json\/wp\/v2\/pages\/992","targetHints":{"allow":["GET"]}}],"collection":[{"href":"https:\/\/www.mastphotogrant.com\/it\/wp-json\/wp\/v2\/pages"}],"about":[{"href":"https:\/\/www.mastphotogrant.com\/it\/wp-json\/wp\/v2\/types\/page"}],"author":[{"embeddable":true,"href":"https:\/\/www.mastphotogrant.com\/it\/wp-json\/wp\/v2\/users\/1"}],"replies":[{"embeddable":true,"href":"https:\/\/www.mastphotogrant.com\/it\/wp-json\/wp\/v2\/comments?post=992"}],"version-history":[{"count":3,"href":"https:\/\/www.mastphotogrant.com\/it\/wp-json\/wp\/v2\/pages\/992\/revisions"}],"predecessor-version":[{"id":2337,"href":"https:\/\/www.mastphotogrant.com\/it\/wp-json\/wp\/v2\/pages\/992\/revisions\/2337"}],"wp:attachment":[{"href":"https:\/\/www.mastphotogrant.com\/it\/wp-json\/wp\/v2\/media?parent=992"}],"curies":[{"name":"wp","href":"https:\/\/api.w.org\/{rel}","templated":true}]}}