  {"id":881,"date":"2020-07-08T13:35:21","date_gmt":"2020-07-08T11:35:21","guid":{"rendered":"https:\/\/www.mastphotogrant.com\/past-edition\/fourth-edition-2013-14\/press-release-fourth-edition-2013-14\/"},"modified":"2020-07-31T18:12:59","modified_gmt":"2020-07-31T16:12:59","slug":"comunicato-stampa-quarta-edizione-2013-14","status":"publish","type":"page","link":"https:\/\/www.mastphotogrant.com\/it\/edizioni-precedenti\/quarta-edizione-2013-14\/comunicato-stampa-quarta-edizione-2013-14\/","title":{"rendered":"Comunicato stampa quarta edizione 2013\/14"},"content":{"rendered":"\n<p><strong>FINALISTI CONCORSO GD4PHOTOART<\/strong><\/p>\n\n\n\n<p><strong><strong>Joan Fontcuberta su \u00d3scar Monz\u00f3n (Vincitore)<\/strong><\/strong><\/p>\n\n\n\n<p>\u00d3scar Monz\u00f3n ha conquistato la ribalta internazionale con il progetto Karma, nel quale lanciava sguardi da paparazzo e da pubblicitario sulla cultura dell\u2019automobile. La sua proposta enfatizzava il sortilegio di una tecnologia che agiva simultaneamente come oggetto di desiderio, feticcio e simbolo di potere, ma anche come contenitore di identit\u00e0 e di esperienza.<br>In&nbsp;<em>Maya<\/em>, Monz\u00f3n prosegue la sua personale sociologia visiva, occupandosi ancora di pubblicit\u00e0 e identit\u00e0 come scenari fittizi deformanti la nostra esperienza vitale. Ma in questo caso Monz\u00f3n sposta i suoi riferimenti critici verso scenografie proprie del cinema di fantascienza: la fantascienza che immagina mondi distopici di moltitudini solitarie e sottomesse al controllo di occhi che tutto vedono. Transeunti che sembrano automi incapsulati nel tempo, rispondono uno dopo l\u2019altro all\u2019appello dei richiami commerciali, gli annunci pubblicitari sono gli altoparlanti di un consumismo che formatta attitudini e comportamenti e, tra le righe, disseminano le patologie della mitologia capitalista: mercantilismo, alienazione e disumanit\u00e0.<br>Il pensatore francese Michel Serres scrive con cinismo che dobbiamo amare la pubblicit\u00e0, malgrado \u00abdiffonda falsit\u00e0, esageri, riempia lo spazio di clamori mediocri e brutte immagini, faccia passare cose abominevoli per ambrosia divina, si moltiplichi secondo le stesse leggi di un\u2019epidemia, intossichi e menta sempre\u00bb. S\u00ec, dobbiamo amarla, perch\u00e9 la pubblicit\u00e0 \u00e8 una promessa di felicit\u00e0, come la religione o la politica, ma a differenza di queste non nasconde il suo intento di persuasione e mostra le sue carte. Sono queste carte svelate e soprattutto i loro effetti manifesti, il punto dove&nbsp;<em>Maya<\/em>&nbsp;mette il dito nella piaga.<br>Guardando al contesto delle proposte fotografiche, qui non c\u2019\u00e8 volont\u00e0 di fare da specchio, ma di essere radiografia e bisturi. A partire da scenari urbani del tutto reali, Monz\u00f3n estrae tensione e inquietudine modellando una nuova versione della street photography che si andrebbe a collocare agli antipodi del documentarismo selvaggio di un Garry Winogrand, ma anche che trascende le forme teatralizzate di un Philip-Lorca diCorcia, o di un Jeff Wall. La vertigine e l\u2019incubo tingono questo viaggio introspettivo sul \u201clato oscuro\u201d della realt\u00e0 rilucente delle apparenze. Uno scenario fatto di atmosfere dense e luci drammatiche contorna le istantanee di \u201cun mondo felice\u201d, ma di felicit\u00e0 disumanizzata, che Monz\u00f3n ci mostra fusa nell\u2019apocalissi.<\/p>\n\n\n\n<p><strong>Lars Willumeit su Marc Roig Blesa<\/strong><\/p>\n\n\n\n<p>Sin dai suoi albori, la fotografia, oltre che nell\u2019arte e nella scienza, ha svolto un ruolo di primo piano nelle battaglie socio-politiche, documentando circostanze ed eventi. Nella sua accezione umanista, la fotografia ha spesso avuto la forza di imporre la riforma sociale dall\u2019alto, per mano di un attore privilegiato come il fotografo Lewis Hine, anzich\u00e9 dal basso, come risultato di resistenza e rivolta.<br>Comunque sia, le ultime ricerche sui movimenti di fotografia operaia, un capitolo esplorato solo di recente nella storia della fotografia, hanno chiaramente dimostrato che all\u2019inizio del XX secolo esistevano gi\u00e0 prassi alternative e subalterne in ambito non solo europeo.<br>Il tema della fotografia in relazione al lavoro, alla sua visibilit\u00e0\/invisibilit\u00e0 e all\u2019urgenza di trovare forme contemporanee di attivismo visivo in epoca postfordista \u00e8 centrale nella prassi artistica di Werker Magazine, un collettivo composto dagli artisti Marc Roig Blesa e Rogier Delfos (in olandese Werker significa lavoratore).<br>La loro radicale pratica fotografica, basata sull\u2019auto-rappresentazione, la pubblicazione in proprio e la critica dell\u2019immagine, si ispira, senza alcuna coloritura nostalgica, ai movimenti internazionali di fotografia operaia degli anni venti e trenta del Novecento. Werker Magazine sviluppa ed esplora strategie di interazione e collaborazione volte a creare e a diffondere prassi collettive autonome di auto-rappresentazione in vari paesi (attualmente \u00e8 in preparazione una serie di workshop in Spagna, Francia e Marocco), rivolte a diversi network istituzionali e a tutti i livelli sociali.<br>Il progetto&nbsp;<em>Werker 10 &#8211; Community Darkroom<\/em>&nbsp;\u00e8 formulato per adattarsi alle specificit\u00e0 del contesto sociale e linguistico in cui si concretizza e si articola in tre parti: 1.) 10 Minutes photography course, 2.) Library, 3.) The eye of the worker (Corso di fotografia in 10 minuti, biblioteca, l\u2019occhio\/l\u2019obiettivo fotografico del lavoratore).<br>Il progetto crea una situazione nella quale lo spazio espositivo, da luogo di contemplazione, si trasforma in uno spazio pedagogico in cui viene a comporsi una sorta di costellazione collaborativa che permette allo spettatore, solitamente passivo nel white cube della galleria d\u2019arte, di assumere un ruolo attivo nei processi di produzione dell\u2019immagine, oltre che nel re-editing e nell\u2019analisi critica degli scatti quale forma di apprendimento collettivo. In questo caso il tema del workshop \u00e8 la nozione di \u201clavoro invisibile\u201d nel senso che, prima del workshop, esso funge da principio guida per i partecipanti al fine di creare le proprie fotografie di \u201clavori invisibili\u201d, come potrebbero essere i lavori domestici, un lavoro informale, un attivit\u00e0 di volontariato, di cura o di riproduzione. Ma funger\u00e0 anche da strumento di pensiero per il processo collettivo di editing e di impaginazione durante il workshop.<\/p>\n\n\n\n<p><strong>Francis Hodgson su Rapha\u00ebl Dallaporta<\/strong><\/p>\n\n\n\n<p>Rapha\u00ebl Dallaporta ha inizialmente attratto la mia attenzione con una serie di foto di mine antiuomo. Fotografate con disinvoltura come fossero prodotti commerciali, le immagini erano accompagnate da testi sobri che collocavano questi raccapriccianti strumenti all\u2019interno dei confini del regno commerciale. Le mine erano economiche, efficaci e di tanti tipi diversi per soddisfare i bisogni dei clienti. Dallaporta aveva prodotto un nuovo tipo di accusa a catalogo e nel farlo aveva fissato le linee principali del suo percorso: trovare indizi in elementi piccoli o relativamente piccoli delle attivit\u00e0 industriali specializzate e su larga scala che contraddistinguono la nostra epoca.<br>Lentamente Dallaporta ha ampliato il proprio raggio di azione. Ha rivolto il proprio sguardo verso l\u2019archeologia, usando droni telecomandati che di solito vengono adoperati per la guerra. Ha mostrato alcuni dei tanti tipi di conoscenza impiegati nella costruzione delle ferrovie. Adesso, in un progetto che \u00e8 cominciato come una commissione da parte del CNES, il Centro nazionale di studi spaziali francese, ha realizzato una serie di immagini su Symphony, il programma satellitare franco-tedesco.<br>Avviato poco dopo la Seconda guerra mondiale e sviluppato agli inizi degli anni sessanta del Novecento, il programma Symphony \u00e8 stato un modo per le due nazioni ex avversarie di guardare avanti insieme con determinazione nello spirito del Trattato di Roma. Symphony era un sistema di comunicazioni satellitari, il primo in Europa. Ha considerevole rilevanza di per s\u00e9, essendo antesignano del GPS e di altri sistemi, precursore della rivoluzione nelle comunicazioni mobili, antenato del razzo Ariane\u2026 Ma per Dallaporta, Symphony ha anche valore metaforico: se le due nazioni riuscivano a sviluppare un sistema di comunicazioni, allora al tempo stesso stavano senz\u2019altro sviluppando una reale comunicazione fra di loro.<br>Ma le peculiarit\u00e0 della storia di Symphony catturano l\u2019attenzione di Dallaporta. Symphony \u00e8 stato un matrimonio fra gruppi industriali giganteschi e anche se i satelliti non hanno mai trasferito traffico commerciale, i vantaggi per le societ\u00e0 partecipanti sono stati enormi. Le immagini che Dallaporta propone delle antenne satellitari rimaste sono frazionate. Sottolineano come il tempo abbia cominciato a smantellare il ricordo che abbiamo di questi enormi progetti, progetti controversi eppure benefici, animati da senso civico e vantaggiosi per i privati. In due di esse, Dallaporta rinviene prove d\u2019archivio di quelle prime fasi, che sono ormai lontane anni luce, storia antica. Symphony continua a vivere nei piccoli sistemi di comunicazione nelle tasche di tutti noi: la tecnologia \u00e8 diventata normale. Sembra democratica. Ma non \u00e8 sempre stato ovvio che dovesse essere cos\u00ec. E potrebbe sempre saltare fuori alla fine che non \u00e8 cos\u00ec.<\/p>\n\n\n\n<p><strong>Devika Daulet-Singh su Madhuban Mitra e Manas Bhattacharya<\/strong><\/p>\n\n\n\n<p>Le macchine fotocopiatrici Xerox arrivarono in India all&#8217;inizio degli anni settanta. Da allora, per generazioni di studenti la \u201cfotocopia\u201d rappresent\u00f2 un foglio di carta ambitissimo. Nell&#8217;India dell&#8217;era pre-digitale, era un modo economico e sostanzialmente unico che permetteva di accedere ai libri disponibili nelle biblioteche, per essere consultati quando necessario. Lavorare con una fotocopiatrice era, e lo \u00e8 ancora, una piccola attivit\u00e0 artigianale diffusa in tutto il paese.<br>L&#8217;onnipresente fotocopia, combinazione delle due parole \u201cfoto\u201d e \u201ccopia\u201d, non lasciava dubbi sulle sue intenzioni. Quasi sempre violava i diritti della propriet\u00e0 intellettuale dell&#8217;autore ; scarsa, o nessuna importanza, veniva infatti data all&#8217;indicazione del copyright riportata nel libro. Nei campus universitari notoriamente si consumavano in fotocopia montagne di libri e appunti delle lezioni.<br>I due artisti, Madhuban Mitra e Manas Bhattacharya appartengono alla generazione per la quale la fotocopia era qualcosa di pi\u00f9 di una riproduzione di un pezzo di carta, era l&#8217;accesso alla conoscenza a poco prezzo. Il loro primigenio interesse per il problema dell&#8217;obsolescenza, con particolare riferimento alla produzione industriale di apparecchi fotografici, si \u00e8 esteso anche ai modelli ormai superati delle fotocopiatrici importate in India. Le loro fotografie danno vita a una relazione tra la fotocopia e l&#8217;immagine fotografica a due livelli. Entrambe sono il prodotto di macchine meccaniche che utilizzano la luce e, al tempo stesso, entrambe sono delle riproduzioni. Le differenze sono insite nella loro conformazione : la fotocopia non ambisce a durare, diversamente da quanto accade per la fotografia, e non pu\u00f2 mai essere intesa come una vera immagine. Per sua stessa natura, la fotocopia \u00e8 confinata in una zona grigia e gode della compagnia dei suoi lettori per un periodo di tempo limitato.<br>Con un approccio quasi documentaristico, Mitra e Bhattacharya creano una serie di fotografie che descrivono l&#8217;esperienza dentro e intorno alle piccole copisterie. Attraverso foto singole, dittici e trittici, gli angusti e squallidi negozietti sembrano veri teatri di monotonia. In queste fotografie mute, si riesce a sentire il rumore incessante della macchina che lavora a pieno ritmo mentre l&#8217;addetto si \u00e8 ormai perfezionato nell&#8217;arte di fare fotocopie con velocit\u00e0 e precisione militaresca. Per dare un tocco di ironia a queste scene cos\u00ec noiose e ripetitive, gli artisti a volte creano un doppelg\u00e4nger (sosia) accentuandone cos\u00ec la banalit\u00e0 esistenziale.<br>Vi \u00e8 poi un altro gruppo di fotografie in cui la fotocopia e l&#8217;immagine fotografica si mescolano divenendo una cosa sola. Nel corso delle loro visite alle copisterie, gli artisti hanno raccolto le riproduzioni riuscite male e scartate, per poi fotografarle di nuovo, ingrandirle e presentarle come immagini. Non deve stupire che questi artefatti riflettano sulla fotografia e ne riguardino la natura stessa.<\/p>\n","protected":false},"excerpt":{"rendered":"<p>FINALISTI CONCORSO GD4PHOTOART Joan Fontcuberta su \u00d3scar Monz\u00f3n (Vincitore) \u00d3scar Monz\u00f3n ha conquistato la ribalta internazionale con il progetto Karma, nel quale lanciava sguardi da paparazzo e da pubblicitario sulla cultura dell\u2019automobile. La sua proposta enfatizzava il sortilegio di una tecnologia che agiva simultaneamente come oggetto di desiderio, feticcio e simbolo di potere, ma anche [&hellip;]<\/p>\n","protected":false},"author":1,"featured_media":0,"parent":849,"menu_order":60,"comment_status":"closed","ping_status":"closed","template":"","meta":{"_acf_changed":false,"footnotes":""},"class_list":["post-881","page","type-page","status-publish","hentry"],"acf":[],"_links":{"self":[{"href":"https:\/\/www.mastphotogrant.com\/it\/wp-json\/wp\/v2\/pages\/881","targetHints":{"allow":["GET"]}}],"collection":[{"href":"https:\/\/www.mastphotogrant.com\/it\/wp-json\/wp\/v2\/pages"}],"about":[{"href":"https:\/\/www.mastphotogrant.com\/it\/wp-json\/wp\/v2\/types\/page"}],"author":[{"embeddable":true,"href":"https:\/\/www.mastphotogrant.com\/it\/wp-json\/wp\/v2\/users\/1"}],"replies":[{"embeddable":true,"href":"https:\/\/www.mastphotogrant.com\/it\/wp-json\/wp\/v2\/comments?post=881"}],"version-history":[{"count":4,"href":"https:\/\/www.mastphotogrant.com\/it\/wp-json\/wp\/v2\/pages\/881\/revisions"}],"predecessor-version":[{"id":2207,"href":"https:\/\/www.mastphotogrant.com\/it\/wp-json\/wp\/v2\/pages\/881\/revisions\/2207"}],"up":[{"embeddable":true,"href":"https:\/\/www.mastphotogrant.com\/it\/wp-json\/wp\/v2\/pages\/849"}],"wp:attachment":[{"href":"https:\/\/www.mastphotogrant.com\/it\/wp-json\/wp\/v2\/media?parent=881"}],"curies":[{"name":"wp","href":"https:\/\/api.w.org\/{rel}","templated":true}]}}