  {"id":849,"date":"2020-06-24T15:56:09","date_gmt":"2020-06-24T13:56:09","guid":{"rendered":"https:\/\/www.mastphotogrant.com\/past-edition\/fourth-edition-2013-14\/"},"modified":"2020-07-31T18:12:43","modified_gmt":"2020-07-31T16:12:43","slug":"quarta-edizione-2013-14","status":"publish","type":"page","link":"https:\/\/www.mastphotogrant.com\/it\/edizioni-precedenti\/quarta-edizione-2013-14\/","title":{"rendered":"Quarta edizione 2013\/14"},"content":{"rendered":"\n<p>La quarta edizione del concorso fotografico ha visto la partecipazione su invito di 33 candidati provenienti da tutto il mondo. La selezione si \u00e8 svolta sulla base dei progetti fotografici presentati sul tema dell&#8217;industria e del lavoro. Il premio \u00e8 stato assegnato a \u00d3scar Monz\u00f3n (Spagna), gli altri finalisti sono stati Marc Roig Blesa (Olanda), Rapha\u00ebl Dallaporta (Francia) e i due artisti, Madhuban Mitra &amp; Manas Bhattacharya (India). L&#8217;esposizione dei progetti si \u00e8 svolta al MAST nell&#8217;ambito di Foto\/Industria, la Biennale di Fotografia dell&#8217;Industria e del Lavoro la cui seconda edizione si \u00e8 tenuta a Bologna nel 2015.<\/p>\n","protected":false},"excerpt":{"rendered":"<p>La quarta edizione del concorso fotografico ha visto la partecipazione su invito di 33 candidati provenienti da tutto il mondo. La selezione si \u00e8 svolta sulla base dei progetti fotografici presentati sul tema dell&#8217;industria e del lavoro. Il premio \u00e8 stato assegnato a \u00d3scar Monz\u00f3n (Spagna), gli altri finalisti sono stati Marc Roig Blesa (Olanda), [&hellip;]<\/p>\n","protected":false},"author":1,"featured_media":0,"parent":805,"menu_order":147,"comment_status":"closed","ping_status":"closed","template":"","meta":{"_acf_changed":false,"footnotes":""},"class_list":["post-849","page","type-page","status-publish","hentry"],"acf":[],"_links":{"self":[{"href":"https:\/\/www.mastphotogrant.com\/it\/wp-json\/wp\/v2\/pages\/849","targetHints":{"allow":["GET"]}}],"collection":[{"href":"https:\/\/www.mastphotogrant.com\/it\/wp-json\/wp\/v2\/pages"}],"about":[{"href":"https:\/\/www.mastphotogrant.com\/it\/wp-json\/wp\/v2\/types\/page"}],"author":[{"embeddable":true,"href":"https:\/\/www.mastphotogrant.com\/it\/wp-json\/wp\/v2\/users\/1"}],"replies":[{"embeddable":true,"href":"https:\/\/www.mastphotogrant.com\/it\/wp-json\/wp\/v2\/comments?post=849"}],"version-history":[{"count":3,"href":"https:\/\/www.mastphotogrant.com\/it\/wp-json\/wp\/v2\/pages\/849\/revisions"}],"predecessor-version":[{"id":1672,"href":"https:\/\/www.mastphotogrant.com\/it\/wp-json\/wp\/v2\/pages\/849\/revisions\/1672"}],"up":[{"embeddable":true,"href":"https:\/\/www.mastphotogrant.com\/it\/wp-json\/wp\/v2\/pages\/805"}],"wp:attachment":[{"href":"https:\/\/www.mastphotogrant.com\/it\/wp-json\/wp\/v2\/media?parent=849"}],"curies":[{"name":"wp","href":"https:\/\/api.w.org\/{rel}","templated":true}]}}